{"id":12,"date":"2013-10-24T13:07:42","date_gmt":"2013-10-24T10:07:42","guid":{"rendered":"http:\/\/mastokangas.fi\/test\/www.kaseka.fi\/?page_id=12"},"modified":"2025-03-28T11:11:21","modified_gmt":"2025-03-28T09:11:21","slug":"linkkeja","status":"publish","type":"page","link":"https:\/\/www.kaseka.fi\/?page_id=12","title":{"rendered":"Linkkej\u00e4"},"content":{"rendered":"<p><a href=\"https:\/\/www.ruokavirasto.fi\/tietoa-meista\/asiointi\/oppaat-ja-lomakkeet\/viljelijat\/tukihakulomakkeet\/\" target=\"_blank\" rel=\"noopener noreferrer\">Maataloushallinnon oppaat ja lomakkeet<\/a><\/p>\n<p><a href=\"https:\/\/www.ruokavirasto.fi\/\" target=\"_blank\" rel=\"noopener noreferrer\">Ruokavirasto (ent. Mavi\/ Evira)<\/a><\/p>\n<p><a href=\"http:\/\/www.ely-keskus.fi\/web\/ely\/ely-pohjanmaa\" target=\"_blank\" rel=\"noopener noreferrer\">Pohjanmaan ELY-keskus<\/a><\/p>\n<p><a title=\"Maa- ja mets\u00e4talousministeri\u00f6\" href=\"http:\/\/mmm.fi\/etusivu\" target=\"_blank\" rel=\"noopener noreferrer\">Maa- ja mets\u00e4talousministeri\u00f6<\/a><\/p>\n<p><a href=\"http:\/\/keski-pohjanmaa.proagria.fi\/\" target=\"_blank\" rel=\"noopener noreferrer\">ProAgria Keski-Pohjanmaa <\/a><a href=\"http:\/\/www.evira.fi\/portal\/\" target=\"_blank\" rel=\"noopener noreferrer\"><br \/>\n<\/a><br \/>\n<a href=\"http:\/\/www.mtk.fi\/\" target=\"_blank\" rel=\"noopener noreferrer\">MTK, Maa- ja mets\u00e4taloustuottajien keskusliitto<br \/>\n<\/a><br \/>\n<a href=\"http:\/\/www.maaseuduntulevaisuus.fi\/\" target=\"_blank\" rel=\"noopener noreferrer\">Maaseudun Tulevaisuus<\/a>, maatalouden ammattilehti<\/p>\n<p><a title=\"Vipu-palvelu\" href=\"https:\/\/vipu.ruokavirasto.fi\/login.jsp\" target=\"_blank\" rel=\"noopener noreferrer\">Viljelij\u00e4tietojen verkkoasiointipalvelu <b>Vipu<\/b><\/a><\/p>\n<p><a href=\"http:\/\/www.mela.fi\/\" target=\"_blank\" rel=\"noopener noreferrer\">MELA, maatalousyritt\u00e4jien el\u00e4kelaitos <\/a><\/p>\n<p><a href=\"http:\/\/www.rieskaleader.fi\/fi\/etusivu\" target=\"_blank\" rel=\"noopener noreferrer\">Rieska-Leader RY<\/a><\/p>\n<p><a title=\"Pirityiset\" href=\"http:\/\/www.pirityiset.fi\" target=\"_blank\" rel=\"noopener noreferrer\">Pirityiset RY<\/a><\/p>\n<p><a href=\"http:\/\/kansalaisen.karttapaikka.fi\/kartanhaku\/osoitehaku.html?e=362743&amp;n=7060032&amp;scale=400000&amp;tool=pienenna&amp;styles=normal&amp;lang=fi&amp;tool=pienenna&amp;lang=fi&amp;map.x=247&amp;map.y=372\" target=\"_blank\" rel=\"noopener noreferrer\">Karttapaikka &#8211; Maanmittauslaitos<\/a><\/p>\n<p>&nbsp;<\/p>\n","protected":false},"excerpt":{"rendered":"<p>Maataloushallinnon oppaat ja lomakkeet Ruokavirasto (ent. Mavi\/ Evira) Pohjanmaan ELY-keskus Maa- ja mets\u00e4talousministeri\u00f6 ProAgria Keski-Pohjanmaa MTK, Maa- ja mets\u00e4taloustuottajien keskusliitto Maaseudun Tulevaisuus, maatalouden ammattilehti Viljelij\u00e4tietojen verkkoasiointipalvelu Vipu MELA, maatalousyritt\u00e4jien el\u00e4kelaitos Rieska-Leader RY Pirityiset RY Karttapaikka &#8211; Maanmittauslaitos &nbsp;<\/p>\n","protected":false},"author":1,"featured_media":0,"parent":14,"menu_order":0,"comment_status":"closed","ping_status":"closed","template":"page-templates\/full-width.php","meta":{"footnotes":""},"class_list":["post-12","page","type-page","status-publish","hentry"],"_links":{"self":[{"href":"https:\/\/www.kaseka.fi\/index.php?rest_route=\/wp\/v2\/pages\/12","targetHints":{"allow":["GET"]}}],"collection":[{"href":"https:\/\/www.kaseka.fi\/index.php?rest_route=\/wp\/v2\/pages"}],"about":[{"href":"https:\/\/www.kaseka.fi\/index.php?rest_route=\/wp\/v2\/types\/page"}],"author":[{"embeddable":true,"href":"https:\/\/www.kaseka.fi\/index.php?rest_route=\/wp\/v2\/users\/1"}],"replies":[{"embeddable":true,"href":"https:\/\/www.kaseka.fi\/index.php?rest_route=%2Fwp%2Fv2%2Fcomments&post=12"}],"version-history":[{"count":16,"href":"https:\/\/www.kaseka.fi\/index.php?rest_route=\/wp\/v2\/pages\/12\/revisions"}],"predecessor-version":[{"id":3735,"href":"https:\/\/www.kaseka.fi\/index.php?rest_route=\/wp\/v2\/pages\/12\/revisions\/3735"}],"up":[{"embeddable":true,"href":"https:\/\/www.kaseka.fi\/index.php?rest_route=\/wp\/v2\/pages\/14"}],"wp:attachment":[{"href":"https:\/\/www.kaseka.fi\/index.php?rest_route=%2Fwp%2Fv2%2Fmedia&parent=12"}],"curies":[{"name":"wp","href":"https:\/\/api.w.org\/{rel}","templated":true}]}}