{"id":14,"date":"2013-10-24T13:07:54","date_gmt":"2013-10-24T10:07:54","guid":{"rendered":"http:\/\/mastokangas.fi\/test\/www.kaseka.fi\/?page_id=14"},"modified":"2025-08-29T10:06:44","modified_gmt":"2025-08-29T07:06:44","slug":"yhteystiedot","status":"publish","type":"page","link":"https:\/\/www.kaseka.fi\/?page_id=14","title":{"rendered":"Yhteystiedot"},"content":{"rendered":"<p>Maaseutuyksikk\u00f6 KaseKa:n yhteinen s\u00e4hk\u00f6postiosoite on <a href=\"mailto:maatalous@kaseka.fi\" target=\"_blank\" rel=\"noopener noreferrer\"><strong>maatalous@kaseka.fi<\/strong><\/a><\/p>\n<p>Johtava maaseutuasiamies<em>\u00a0<\/em><strong><br \/>\nHautam\u00e4ki Jukka<\/strong> p. 050 5790 111<br \/>\n<a href=\"mailto:jukka.hautamaki@veteli.fi\">jukka.hautamaki@kaseka.fi<\/a><\/p>\n<p><u>Toimipisteet<\/u><\/p>\n<p><strong>Halsua<\/strong>, Kauppisentie 5, 69510 Halsua<br \/>\nKarhulahti Jussi p. 040 6802 215 <a href=\"mailto:jussi.karhulahti@halsua.fi\">jussi.karhulahti@halsua.fi<\/a><\/p>\n<p><strong>Kannus<\/strong>, Asematie 1\/ PL 42, 69101 Kannus<br \/>\nTI &#8211; KE Mikkola Maria p. 044 4745 221 <a href=\"mailto:maria.mikkola@kaseka.fi\">maria.mikkola@kaseka.fi<\/a><\/p>\n<p><strong>Kaustinen,<\/strong> Kappelintie 13\/ PL 10, 69601 Kaustinen<br \/>\nMA, KE \u2013 PE Salonen Sami p. 040 8618 932 <a href=\"mailto:sami.salonen@kaseka.fi\">sami.salonen@kaseka.fi<\/a><\/p>\n<p><strong>Lestij\u00e4rvi,<\/strong> Lestintie 39, 69440 Lestij\u00e4rvi<br \/>\nSopimuksen mukaan ajanvarauksella Karhulahti Jussi p. 040 6802 215 <a href=\"mailto:jussi.karhulahti@halsua.fi\">jussi.karhulahti@halsua.fi<\/a><\/p>\n<p><strong>Perho<\/strong>, Keskustie 2\/ PL 20, 69950 Perho<br \/>\nLatvala Annika p. 0400 601093 <a href=\"mailto:seija.klemola@perho.com\">annika.latvala@kaseka.fi<\/a><\/p>\n<p><strong>Toholampi<\/strong>, Lampintie 5, 69300 Toholampi<br \/>\nTI Sami Salonen Sami Salonen p. 040 8618 932 <a href=\"mailto:sami.salonen@kaseka.fi\">sami.salonen@kaseka.fi<\/a><br \/>\nKE, TO Jukka Hautam\u00e4ki p. 050 5790 111 <a href=\"mailto:jukka.hautamaki@veteli.fi\">jukka.hautamaki@kaseka.fi<\/a><\/p>\n<p><strong>Veteli<\/strong>,\u00a0Kivihyyp\u00e4ntie 1, 69700 Veteli<br \/>\nMA, TI, PE Hautam\u00e4ki Jukka p. 050 5790 111 <a href=\"mailto:jukka.hautamaki@veteli.fi\">jukka.hautamaki@kaseka.fi<\/a><\/p>\n","protected":false},"excerpt":{"rendered":"<p>Maaseutuyksikk\u00f6 KaseKa:n yhteinen s\u00e4hk\u00f6postiosoite on maatalous@kaseka.fi Johtava maaseutuasiamies\u00a0 Hautam\u00e4ki Jukka p. 050 5790 111 jukka.hautamaki@kaseka.fi Toimipisteet Halsua, Kauppisentie 5, 69510 Halsua Karhulahti Jussi p. 040 6802 215 jussi.karhulahti@halsua.fi Kannus, Asematie 1\/ PL 42, 69101 Kannus TI &#8211; KE Mikkola Maria p. 044 4745 221 maria.mikkola@kaseka.fi Kaustinen, Kappelintie 13\/ PL 10, 69601 Kaustinen MA, KE \u2013 [&hellip;]<\/p>\n","protected":false},"author":1,"featured_media":0,"parent":0,"menu_order":0,"comment_status":"closed","ping_status":"closed","template":"page-templates\/full-width.php","meta":{"footnotes":""},"class_list":["post-14","page","type-page","status-publish","hentry"],"_links":{"self":[{"href":"https:\/\/www.kaseka.fi\/index.php?rest_route=\/wp\/v2\/pages\/14","targetHints":{"allow":["GET"]}}],"collection":[{"href":"https:\/\/www.kaseka.fi\/index.php?rest_route=\/wp\/v2\/pages"}],"about":[{"href":"https:\/\/www.kaseka.fi\/index.php?rest_route=\/wp\/v2\/types\/page"}],"author":[{"embeddable":true,"href":"https:\/\/www.kaseka.fi\/index.php?rest_route=\/wp\/v2\/users\/1"}],"replies":[{"embeddable":true,"href":"https:\/\/www.kaseka.fi\/index.php?rest_route=%2Fwp%2Fv2%2Fcomments&post=14"}],"version-history":[{"count":25,"href":"https:\/\/www.kaseka.fi\/index.php?rest_route=\/wp\/v2\/pages\/14\/revisions"}],"predecessor-version":[{"id":3857,"href":"https:\/\/www.kaseka.fi\/index.php?rest_route=\/wp\/v2\/pages\/14\/revisions\/3857"}],"wp:attachment":[{"href":"https:\/\/www.kaseka.fi\/index.php?rest_route=%2Fwp%2Fv2%2Fmedia&parent=14"}],"curies":[{"name":"wp","href":"https:\/\/api.w.org\/{rel}","templated":true}]}}