{"id":251,"date":"2013-11-29T09:34:17","date_gmt":"2013-11-29T07:34:17","guid":{"rendered":"http:\/\/www.kaseka.fi\/esikatselu\/?page_id=251"},"modified":"2024-08-13T13:50:10","modified_gmt":"2024-08-13T10:50:10","slug":"alueen-maatalous","status":"publish","type":"page","link":"https:\/\/www.kaseka.fi\/?page_id=251","title":{"rendered":"Alueen maatalous"},"content":{"rendered":"<p>Maaseutuyksikk\u00f6 KaseKa sijaitsee Keski-Pohjanmaalla, keskell\u00e4 vahvaa maidontuotantoaluetta. KaseKa:n alueen tiloista 29 % on maidontuottajia. Maitoa tuotettiin vuonna 2023 alueellamme 106,43 miljoonaa litraa.\u00a0 Vuonna 2023 alueellamme oli 661 maatilaa, peltoa oli viljelyksess\u00e4 yhteens\u00e4 noin 40 200 ha.<\/p>\n<p><a href=\"http:\/\/www.kaseka.fi\/wp-content\/uploads\/2024\/08\/Tilat-ja-kokonaispinta-alat.pdf\" target=\"_blank\" rel=\"noopener\">Tilat ja kokonaispinta-alat 2023<\/a><\/p>\n<p><a href=\"http:\/\/www.kaseka.fi\/wp-content\/uploads\/2024\/08\/Viljelykasvit-2023-ja-kehitys.pdf\" target=\"_blank\" rel=\"noopener\">Viljelypinta-alat 2023<\/a><\/p>\n<p><a href=\"http:\/\/www.kaseka.fi\/wp-content\/uploads\/2024\/08\/Paatuotantosuunnat-2023.pdf\" target=\"_blank\" rel=\"noopener\">P\u00e4\u00e4tuotantosuunnat 2023<\/a><\/p>\n<p><a href=\"http:\/\/www.kaseka.fi\/wp-content\/uploads\/2024\/08\/Maidon-tuotanto.pdf\" target=\"_blank\" rel=\"noopener\">Maidontuotanto 2023<\/a><\/p>\n<p><a href=\"http:\/\/www.kaseka.fi\/wp-content\/uploads\/2024\/08\/Tukimaksut-2023-ja-kehitys.pdf\" target=\"_blank\" rel=\"noopener\">Tukimaksut 2023<\/a><\/p>\n\n\n<p><\/p>\n","protected":false},"excerpt":{"rendered":"<p>Maaseutuyksikk\u00f6 KaseKa sijaitsee Keski-Pohjanmaalla, keskell\u00e4 vahvaa maidontuotantoaluetta. KaseKa:n alueen tiloista 29 % on maidontuottajia. Maitoa tuotettiin vuonna 2023 alueellamme 106,43 miljoonaa litraa.\u00a0 Vuonna 2023 alueellamme oli 661 maatilaa, peltoa oli viljelyksess\u00e4 yhteens\u00e4 noin 40 200 ha. Tilat ja kokonaispinta-alat 2023 Viljelypinta-alat 2023 P\u00e4\u00e4tuotantosuunnat 2023 Maidontuotanto 2023 Tukimaksut 2023<\/p>\n","protected":false},"author":7,"featured_media":0,"parent":0,"menu_order":0,"comment_status":"closed","ping_status":"closed","template":"page-templates\/full-width.php","meta":{"footnotes":""},"class_list":["post-251","page","type-page","status-publish","hentry"],"_links":{"self":[{"href":"https:\/\/www.kaseka.fi\/index.php?rest_route=\/wp\/v2\/pages\/251","targetHints":{"allow":["GET"]}}],"collection":[{"href":"https:\/\/www.kaseka.fi\/index.php?rest_route=\/wp\/v2\/pages"}],"about":[{"href":"https:\/\/www.kaseka.fi\/index.php?rest_route=\/wp\/v2\/types\/page"}],"author":[{"embeddable":true,"href":"https:\/\/www.kaseka.fi\/index.php?rest_route=\/wp\/v2\/users\/7"}],"replies":[{"embeddable":true,"href":"https:\/\/www.kaseka.fi\/index.php?rest_route=%2Fwp%2Fv2%2Fcomments&post=251"}],"version-history":[{"count":92,"href":"https:\/\/www.kaseka.fi\/index.php?rest_route=\/wp\/v2\/pages\/251\/revisions"}],"predecessor-version":[{"id":3541,"href":"https:\/\/www.kaseka.fi\/index.php?rest_route=\/wp\/v2\/pages\/251\/revisions\/3541"}],"wp:attachment":[{"href":"https:\/\/www.kaseka.fi\/index.php?rest_route=%2Fwp%2Fv2%2Fmedia&parent=251"}],"curies":[{"name":"wp","href":"https:\/\/api.w.org\/{rel}","templated":true}]}}