{"id":301,"date":"2013-12-02T12:51:11","date_gmt":"2013-12-02T10:51:11","guid":{"rendered":"http:\/\/www.kaseka.fi\/?page_id=301"},"modified":"2024-03-08T14:42:30","modified_gmt":"2024-03-08T12:42:30","slug":"kehittaminen","status":"publish","type":"page","link":"https:\/\/www.kaseka.fi\/?page_id=301","title":{"rendered":"Investointituet"},"content":{"rendered":"\n<p>Maatalouden investointitukea voi hakea esimerkiksi navetan, sikalan tai kasvihuoneen rakentamiskustannuksiin, salaojitukseen ja yhteisiin ojitusinvestointeihin tai esimerkiksi korjauksiin, jotka parantavat el\u00e4inten hyvinvointia tai ymp\u00e4rist\u00f6n tilaa. My\u00f6s maatilan energiainvestointeihin, kuten aurinkopaneelien tai led-valaistuksen hankkimiseen, voidaan my\u00f6nt\u00e4\u00e4 investointitukea.<\/p>\n\n\n\n<p>Rakentamisinvestoinnissa tuen m\u00e4\u00e4r\u00e4 on aina yli 7000 euroa. Sen pienemp\u00e4\u00e4n investointiin ei my\u00f6nnet\u00e4 tukea. Muissa toimenpiteiss\u00e4 vastaava m\u00e4\u00e4r\u00e4 on 3000 euroa.<\/p>\n\n\n\n<p><strong>Hakemukset ratkaistaan tukijaksoittain, jotka ovat:<\/strong><\/p>\n\n\n\n<ul class=\"wp-block-list\">\n<li><strong>16.10.\u201315.1.<\/strong><\/li>\n\n\n\n<li><strong>16.1.\u201315.3.<\/strong><\/li>\n\n\n\n<li><strong>16.3.\u201315.8.<\/strong><\/li>\n\n\n\n<li><strong>16.8.\u201315.10.<\/strong><\/li>\n<\/ul>\n\n\n\n<p>Maatalouden investointitukia koskevat\u00a0<a href=\"https:\/\/www.ruokavirasto.fi\/tuet\/maatalous\/investoinnit\/maatalouden-investointituet\/valintakriteerit\/\" target=\"_blank\" rel=\"noreferrer noopener\">valintaperusteet<\/a>. Valintaperusteita sovelletaan yhdenmukaisesti kaikilla ELY-keskusalueilla.<\/p>\n\n\n\n<p><strong>\u00c4l\u00e4 aloita rakentamisinvestointia tai muuta toimenpidett\u00e4 \u00e4l\u00e4k\u00e4 allekirjoita sopimusta (esimerkiksi lopullinen luovutuskirja, tilaussopimus tai urakkasopimus) ennen hakemuksen vireilletuloa! <\/strong>Investointitukea ei my\u00f6nnet\u00e4 lainkaan sellaiseen toimenpiteeseen, jonka toteuttaminen on aloitettu ennen hakemuksen vireilletuloa.<\/p>\n\n\n\n<p>Lis\u00e4tietoa <a href=\"https:\/\/www.ruokavirasto.fi\/tuet\/maatalous\/investoinnit\/maatalouden-investointituet\/\" data-type=\"link\" data-id=\"https:\/\/www.ruokavirasto.fi\/tuet\/maatalous\/investoinnit\/maatalouden-investointituet\/\" target=\"_blank\" rel=\"noreferrer noopener\">Ruokaviraston<\/a> sivuilla.<\/p>\n","protected":false},"excerpt":{"rendered":"<p>Maatalouden investointitukea voi hakea esimerkiksi navetan, sikalan tai kasvihuoneen rakentamiskustannuksiin, salaojitukseen ja yhteisiin ojitusinvestointeihin tai esimerkiksi korjauksiin, jotka parantavat el\u00e4inten hyvinvointia tai ymp\u00e4rist\u00f6n tilaa. My\u00f6s maatilan energiainvestointeihin, kuten aurinkopaneelien tai led-valaistuksen hankkimiseen, voidaan my\u00f6nt\u00e4\u00e4 investointitukea. Rakentamisinvestoinnissa tuen m\u00e4\u00e4r\u00e4 on aina yli 7000 euroa. Sen pienemp\u00e4\u00e4n investointiin ei my\u00f6nnet\u00e4 tukea. Muissa toimenpiteiss\u00e4 vastaava m\u00e4\u00e4r\u00e4 on 3000 [&hellip;]<\/p>\n","protected":false},"author":7,"featured_media":0,"parent":0,"menu_order":0,"comment_status":"closed","ping_status":"closed","template":"page-templates\/full-width.php","meta":{"footnotes":""},"class_list":["post-301","page","type-page","status-publish","hentry"],"_links":{"self":[{"href":"https:\/\/www.kaseka.fi\/index.php?rest_route=\/wp\/v2\/pages\/301","targetHints":{"allow":["GET"]}}],"collection":[{"href":"https:\/\/www.kaseka.fi\/index.php?rest_route=\/wp\/v2\/pages"}],"about":[{"href":"https:\/\/www.kaseka.fi\/index.php?rest_route=\/wp\/v2\/types\/page"}],"author":[{"embeddable":true,"href":"https:\/\/www.kaseka.fi\/index.php?rest_route=\/wp\/v2\/users\/7"}],"replies":[{"embeddable":true,"href":"https:\/\/www.kaseka.fi\/index.php?rest_route=%2Fwp%2Fv2%2Fcomments&post=301"}],"version-history":[{"count":15,"href":"https:\/\/www.kaseka.fi\/index.php?rest_route=\/wp\/v2\/pages\/301\/revisions"}],"predecessor-version":[{"id":3386,"href":"https:\/\/www.kaseka.fi\/index.php?rest_route=\/wp\/v2\/pages\/301\/revisions\/3386"}],"wp:attachment":[{"href":"https:\/\/www.kaseka.fi\/index.php?rest_route=%2Fwp%2Fv2%2Fmedia&parent=301"}],"curies":[{"name":"wp","href":"https:\/\/api.w.org\/{rel}","templated":true}]}}