{"id":6,"date":"2013-10-24T13:06:46","date_gmt":"2013-10-24T10:06:46","guid":{"rendered":"http:\/\/mastokangas.fi\/test\/www.kaseka.fi\/?page_id=6"},"modified":"2025-04-16T15:15:03","modified_gmt":"2025-04-16T12:15:03","slug":"lomakkeet-ohjeet","status":"publish","type":"page","link":"https:\/\/www.kaseka.fi\/?page_id=6","title":{"rendered":"Lomakkeet \/ Ohjeet"},"content":{"rendered":"<p>Maataloushallinnon lomakkeet l\u00f6ytyv\u00e4t <a href=\"https:\/\/www.ruokavirasto.fi\/tuet\/maatalous\/hakuoppaat-ja-ohjeet-viljelijoille\/tukihakulomakkeet\/\" target=\"_blank\" rel=\"noopener\">Ruokaviraston sivuilta<\/a><\/p>\n<p><a href=\"http:\/\/www.kaseka.fi\/wp-content\/uploads\/2023\/02\/vuokrasopimus-2023.pdf\" target=\"_blank\" rel=\"noopener noreferrer\">Maanvuokrasopimus<\/a><\/p>\n<h3><strong>Tukihaun oppaita ja ohjeita<\/strong><\/h3>\n<p><a href=\"https:\/\/www.ruokavirasto.fi\/tuet\/maatalous\/hakuoppaat-ja-ohjeet-viljelijoille\/peltotukien-hakuopas\/peltotukien-hakuopas-2025\/\" target=\"_blank\" rel=\"noopener\">Peltotukien hakuopas 2025<\/a><\/p>\n<p><a href=\"https:\/\/www.ruokavirasto.fi\/tuet\/maatalous\/peltotuet\/ymparistokorvaus\/ymparistokorvauksen-sitoumusehdot\/ymparistokorvauksen-sitoumusehdot-2025\/\" target=\"_blank\" rel=\"noopener\">Ymp\u00e4rist\u00f6korvauksen sitoumusehdot 2025<\/a><\/p>\n<p><a href=\"https:\/\/www.ruokavirasto.fi\/tuet\/maatalous\/elaintuet\/elainten-hyvinvointikorvaus\/elainten-hyvinvointikorvauksen-sitoumusehdot\/ehk-ehdot-sisallys-2025\/\" target=\"_blank\" rel=\"noopener\">El\u00e4inten hyvinvointikorvauksen sitoumusehdot 2025<\/a><\/p>\n<p><a href=\"https:\/\/www.ruokavirasto.fi\/tietoa-meista\/asiointi\/sahkoinen-asiointi\/vipu\/ohjeet-ja-opetusvideot\/\" target=\"_blank\" rel=\"noopener noreferrer\">Vipu-palvelun ohjeita<\/a> ja <a href=\"https:\/\/dreambroker.com\/channel\/18a197o0\/#\/menu\" target=\"_blank\" rel=\"noopener noreferrer\">Vipu-palvelun ohjevideoita<\/a><\/p>\n<p><a href=\"https:\/\/www.ruokavirasto.fi\/tuet\/maatalous\/elaintuet\/pohjoinen-kotielaintuki\/pohjoinen-kotielaintuki\/pohjoinen-kotielaintuki-2025\/\" target=\"_blank\" rel=\"noopener\">Pohjoisen kotiel\u00e4intuen hakuohje 2025<\/a><\/p>\n<p><a href=\"https:\/\/www.ruokavirasto.fi\/tuet\/maatalous\/elaintuet\/nautapalkkio\/elainpalkkioiden-hakuohjeet\/elainpalkkioiden-hakuohjeet-2025\/\" target=\"_blank\" rel=\"noopener\">El\u00e4inpal<span style=\"font-size: 1rem;\">kkioiden hakuohje 2025<\/span><\/a><\/p>\n<p><a href=\"http:\/\/ruokavirasto.fi\/tuet\/maatalous\/hakuoppaat-ja-ohjeet-viljelijoille\/elaintukien-hakuopas\/elaintukien-hakuopas-2025\/\" target=\"_blank\" rel=\"noopener\">El\u00e4intukien hakuopas 2025<\/a><\/p>\n<h3>Muita lomakkeita ja ohjeita<\/h3>\n<p><a href=\"https:\/\/www.ruokavirasto.fi\/tuet\/maatalous\/oppaat\/hakuoppaat\/maataloustuotannon-kirjaamisvaatimukset\/maataloustuotannon-kirjaamisvaatimukset-2025\/\" target=\"_blank\" rel=\"noopener\">Maataloustuotannon kirjaamisvaatimukset 2025<\/a><\/p>\n<p><a href=\"https:\/\/www.ruokavirasto.fi\/tuet\/maatalous\/perusehdot\/ehdollisuus\/ehdollisuuden-opas\/ehdollisuuden-opas-2025\/\" target=\"_blank\" rel=\"noopener\">Ehdollisuuden opas 2025<\/a><\/p>\n<p><a href=\"http:\/\/www.kaseka.fi\/esikatselu\/wp-content\/uploads\/2013\/10\/elainkauppa-sopimus.pdf\" target=\"_blank\" rel=\"noopener noreferrer\">Elainkauppa sopimus tilojen v\u00e4liseen el\u00e4inkauppaan<\/a><\/p>\n<p><a href=\"http:\/\/www.kaseka.fi\/esikatselu\/wp-content\/uploads\/2013\/10\/Valtakirja.pdf\" target=\"_blank\" rel=\"noopener noreferrer\">Valtakirja<\/a><\/p>\n<p><a href=\"http:\/\/www.kaseka.fi\/esikatselu\/wp-content\/uploads\/2013\/10\/lantasopimus.pdf\" target=\"_blank\" rel=\"noopener noreferrer\">Lannanluovutussopimus<\/a><\/p>\n<p><a href=\"https:\/\/vesi.fi\/aineistopankki\/aumausilmoituslomake\/\" target=\"_blank\" rel=\"noopener\">Lannan aumausilmoitus<\/a><\/p>\n<p><a href=\"http:\/\/www.kaseka.fi\/wp-content\/uploads\/2015\/10\/6027-lantapoikkeus-2.pdf\" target=\"_blank\" rel=\"noopener noreferrer\">Ilmoituslomake lannanlevityksest\u00e4 marraskuussa<\/a><\/p>\n<p><a href=\"http:\/\/www.kaseka.fi\/wp-content\/uploads\/2013\/10\/mallilomake_laakekirjanpito_yksilo.pdf\" target=\"_blank\" rel=\"noopener noreferrer\">L\u00e4\u00e4kityskirjanpito (yksil\u00f6el\u00e4in)<\/a><\/p>\n<p><a href=\"http:\/\/www.kaseka.fi\/wp-content\/uploads\/2013\/10\/mallilomake_laakekirjanpito_ryhma.pdf\" target=\"_blank\" rel=\"noopener noreferrer\">L\u00e4\u00e4kityskirjanpito (ryhm\u00e4)<\/a><\/p>\n<h3><b>Muita ohjeita<\/b><\/h3>\n<p><a href=\"https:\/\/www.finlex.fi\/fi\/laki\/ajantasa\/2014\/20141250\" target=\"_blank\" rel=\"noopener noreferrer\">Valtioneuvoston asetus er\u00e4iden maa- ja puutarhataloudesta per\u00e4isin olevien p\u00e4\u00e4st\u00f6jen rajoittamisesta 1250\/2014 (ns. &#8221;nitraattidirektiivi&#8221;)<\/a><\/p>\n<p><a href=\"https:\/\/www.ruokavirasto.fi\/globalassets\/tuet\/maatalous\/valvonta\/peltovalvontaohje-2024.pdf\" target=\"_blank\" rel=\"noopener\">Peltovalvontaohje 2024<\/a><\/p>\n<p><a href=\"http:\/\/www.kaseka.fi\/wp-content\/uploads\/2013\/10\/Nauta-el\u00e4insuojelulains\u00e4\u00e4d\u00e4nt\u00f6\u00e4-koottuna.pdf\" target=\"_blank\" rel=\"noopener noreferrer\">NAUTA &#8211; el\u00e4insuojelulains\u00e4\u00e4d\u00e4nt\u00f6\u00e4 koottuna<\/a><\/p>\n<p><a href=\"http:\/\/www.kaseka.fi\/wp-content\/uploads\/2013\/10\/Sika-el\u00e4insuojelulains\u00e4\u00e4d\u00e4nt\u00f6\u00e4-koottuna.pdf\" target=\"_blank\" rel=\"noopener noreferrer\">SIKA &#8211; el\u00e4insuojelulains\u00e4\u00e4d\u00e4nt\u00f6\u00e4 koottuna<\/a><\/p>\n<p><a href=\"http:\/\/www.kaseka.fi\/wp-content\/uploads\/2013\/10\/Lammas-el\u00e4insuojelulains\u00e4\u00e4d\u00e4nt\u00f6\u00e4-koottuna.pdf\" target=\"_blank\" rel=\"noopener noreferrer\">LAMMAS &#8211; el\u00e4insuojelulains\u00e4\u00e4d\u00e4nt\u00f6\u00e4 koottuna<\/a><\/p>\n<p><a href=\"http:\/\/www.kaseka.fi\/wp-content\/uploads\/2013\/10\/Kana-el\u00e4insuojelulains\u00e4\u00e4d\u00e4nt\u00f6\u00e4-koottuna.pdf\" target=\"_blank\" rel=\"noopener noreferrer\">KANA &#8211; el\u00e4insuojelulains\u00e4\u00e4d\u00e4nt\u00f6\u00e4 koottuna<\/a><\/p>\n","protected":false},"excerpt":{"rendered":"<p>Maataloushallinnon lomakkeet l\u00f6ytyv\u00e4t Ruokaviraston sivuilta Maanvuokrasopimus Tukihaun oppaita ja ohjeita Peltotukien hakuopas 2025 Ymp\u00e4rist\u00f6korvauksen sitoumusehdot 2025 El\u00e4inten hyvinvointikorvauksen sitoumusehdot 2025 Vipu-palvelun ohjeita ja Vipu-palvelun ohjevideoita Pohjoisen kotiel\u00e4intuen hakuohje 2025 El\u00e4inpalkkioiden hakuohje 2025 El\u00e4intukien hakuopas 2025 Muita lomakkeita ja ohjeita Maataloustuotannon kirjaamisvaatimukset 2025 Ehdollisuuden opas 2025 Elainkauppa sopimus tilojen v\u00e4liseen el\u00e4inkauppaan Valtakirja Lannanluovutussopimus Lannan aumausilmoitus Ilmoituslomake [&hellip;]<\/p>\n","protected":false},"author":1,"featured_media":0,"parent":0,"menu_order":0,"comment_status":"closed","ping_status":"closed","template":"page-templates\/full-width.php","meta":{"footnotes":""},"class_list":["post-6","page","type-page","status-publish","hentry"],"_links":{"self":[{"href":"https:\/\/www.kaseka.fi\/index.php?rest_route=\/wp\/v2\/pages\/6","targetHints":{"allow":["GET"]}}],"collection":[{"href":"https:\/\/www.kaseka.fi\/index.php?rest_route=\/wp\/v2\/pages"}],"about":[{"href":"https:\/\/www.kaseka.fi\/index.php?rest_route=\/wp\/v2\/types\/page"}],"author":[{"embeddable":true,"href":"https:\/\/www.kaseka.fi\/index.php?rest_route=\/wp\/v2\/users\/1"}],"replies":[{"embeddable":true,"href":"https:\/\/www.kaseka.fi\/index.php?rest_route=%2Fwp%2Fv2%2Fcomments&post=6"}],"version-history":[{"count":110,"href":"https:\/\/www.kaseka.fi\/index.php?rest_route=\/wp\/v2\/pages\/6\/revisions"}],"predecessor-version":[{"id":3756,"href":"https:\/\/www.kaseka.fi\/index.php?rest_route=\/wp\/v2\/pages\/6\/revisions\/3756"}],"wp:attachment":[{"href":"https:\/\/www.kaseka.fi\/index.php?rest_route=%2Fwp%2Fv2%2Fmedia&parent=6"}],"curies":[{"name":"wp","href":"https:\/\/api.w.org\/{rel}","templated":true}]}}